{"id":108,"date":"2024-08-20T17:10:06","date_gmt":"2024-08-20T17:10:06","guid":{"rendered":"http:\/\/devmaindanslamainbilly.com\/?page_id=108"},"modified":"2025-02-06T15:25:11","modified_gmt":"2025-02-06T15:25:11","slug":"contact","status":"publish","type":"page","link":"https:\/\/maindanslamain.co\/?page_id=108","title":{"rendered":"Contact"},"content":{"rendered":"\t\t<div data-elementor-type=\"wp-page\" data-elementor-id=\"108\" class=\"elementor elementor-108\" data-elementor-post-type=\"page\">\n\t\t\t\t<div class=\"elementor-element elementor-element-ce3fd69 e-con-full e-flex e-con e-parent\" data-id=\"ce3fd69\" data-element_type=\"container\" data-settings=\"{&quot;background_background&quot;:&quot;classic&quot;}\">\n\t\t\t\t<\/div>\n\t\t<div class=\"elementor-element elementor-element-8c097c0 e-flex e-con-boxed e-con e-parent\" data-id=\"8c097c0\" data-element_type=\"container\" data-settings=\"{&quot;background_background&quot;:&quot;gradient&quot;}\">\n\t\t\t\t\t<div class=\"e-con-inner\">\n\t\t<div class=\"elementor-element elementor-element-b08755a e-con-full e-flex e-con e-child\" data-id=\"b08755a\" data-element_type=\"container\">\n\t\t\t\t<div class=\"elementor-element elementor-element-f3bdbc8 elementor-widget elementor-widget-heading\" data-id=\"f3bdbc8\" data-element_type=\"widget\" data-widget_type=\"heading.default\">\n\t\t\t\t<div class=\"elementor-widget-container\">\n\t\t\t<h2 class=\"elementor-heading-title elementor-size-default\">Discutons ensemble !<\/h2>\t\t<\/div>\n\t\t\t\t<\/div>\n\t\t\t\t<div class=\"elementor-element elementor-element-fccc53b elementor-widget__width-initial elementor-widget elementor-widget-text-editor\" data-id=\"fccc53b\" data-element_type=\"widget\" data-widget_type=\"text-editor.default\">\n\t\t\t\t<div class=\"elementor-widget-container\">\n\t\t\t\t\t\t\t<p>Nous avons h\u00e2te de transformer vos id\u00e9es en actions et d&rsquo;injecter un nouveau souffle \u00e0 vos projets.<\/p>\t\t\t\t\t\t<\/div>\n\t\t\t\t<\/div>\n\t\t<div class=\"elementor-element elementor-element-4427249 e-con-full e-flex e-con e-child\" data-id=\"4427249\" data-element_type=\"container\">\n\t\t\t\t<div class=\"elementor-element elementor-element-0ad31f9 elementor-widget__width-auto elementor-widget elementor-widget-image\" data-id=\"0ad31f9\" data-element_type=\"widget\" data-widget_type=\"image.default\">\n\t\t\t\t<div class=\"elementor-widget-container\">\n\t\t\t\t\t\t\t\t\t\t\t\t\t<img decoding=\"async\" width=\"34\" height=\"24\" src=\"https:\/\/maindanslamain.co\/wp-content\/uploads\/2024\/08\/Icon-ionic-ios-mail.png\" class=\"attachment-large size-large wp-image-112\" alt=\"\" \/>\t\t\t\t\t\t\t\t\t\t\t\t\t<\/div>\n\t\t\t\t<\/div>\n\t\t\t\t<div class=\"elementor-element elementor-element-7dfdf05 elementor-widget elementor-widget-text-editor\" data-id=\"7dfdf05\" data-element_type=\"widget\" data-widget_type=\"text-editor.default\">\n\t\t\t\t<div class=\"elementor-widget-container\">\n\t\t\t\t\t\t\t<p><a href=\"mailto:info@maindanslamain.co\" target=\"_blank\" rel=\"noopener\">info@maindanslamain.co<\/a><\/p>\t\t\t\t\t\t<\/div>\n\t\t\t\t<\/div>\n\t\t\t\t<\/div>\n\t\t<div class=\"elementor-element elementor-element-a9e6484 e-con-full e-flex e-con e-child\" data-id=\"a9e6484\" data-element_type=\"container\">\n\t\t\t\t<div class=\"elementor-element elementor-element-570fa7c elementor-widget__width-auto elementor-widget elementor-widget-image\" data-id=\"570fa7c\" data-element_type=\"widget\" data-widget_type=\"image.default\">\n\t\t\t\t<div class=\"elementor-widget-container\">\n\t\t\t\t\t\t\t\t\t\t\t\t\t<img decoding=\"async\" width=\"66\" height=\"66\" src=\"https:\/\/maindanslamain.co\/wp-content\/uploads\/2024\/08\/Icon-awesome-phone-alt@2x.png\" class=\"attachment-large size-large wp-image-111\" alt=\"\" \/>\t\t\t\t\t\t\t\t\t\t\t\t\t<\/div>\n\t\t\t\t<\/div>\n\t\t\t\t<div class=\"elementor-element elementor-element-b048089 elementor-widget elementor-widget-text-editor\" data-id=\"b048089\" data-element_type=\"widget\" data-widget_type=\"text-editor.default\">\n\t\t\t\t<div class=\"elementor-widget-container\">\n\t\t\t\t\t\t\t514 770 7744 \t\t\t\t\t\t<\/div>\n\t\t\t\t<\/div>\n\t\t\t\t<\/div>\n\t\t\t\t<div class=\"elementor-element elementor-element-05a4967 elementor-shape-square e-grid-align-left e-transform elementor-grid-0 elementor-widget elementor-widget-social-icons\" data-id=\"05a4967\" data-element_type=\"widget\" data-settings=\"{&quot;_transform_scaleX_effect_hover&quot;:{&quot;unit&quot;:&quot;px&quot;,&quot;size&quot;:&quot;&quot;,&quot;sizes&quot;:[]},&quot;_transform_scaleX_effect_hover_tablet&quot;:{&quot;unit&quot;:&quot;px&quot;,&quot;size&quot;:&quot;&quot;,&quot;sizes&quot;:[]},&quot;_transform_scaleX_effect_hover_mobile&quot;:{&quot;unit&quot;:&quot;px&quot;,&quot;size&quot;:&quot;&quot;,&quot;sizes&quot;:[]},&quot;_transform_scaleY_effect_hover&quot;:{&quot;unit&quot;:&quot;px&quot;,&quot;size&quot;:&quot;&quot;,&quot;sizes&quot;:[]},&quot;_transform_scaleY_effect_hover_tablet&quot;:{&quot;unit&quot;:&quot;px&quot;,&quot;size&quot;:&quot;&quot;,&quot;sizes&quot;:[]},&quot;_transform_scaleY_effect_hover_mobile&quot;:{&quot;unit&quot;:&quot;px&quot;,&quot;size&quot;:&quot;&quot;,&quot;sizes&quot;:[]}}\" data-widget_type=\"social-icons.default\">\n\t\t\t\t<div class=\"elementor-widget-container\">\n\t\t\t\t\t<div class=\"elementor-social-icons-wrapper elementor-grid\">\n\t\t\t\t\t\t\t<span class=\"elementor-grid-item\">\n\t\t\t\t\t<a class=\"elementor-icon elementor-social-icon elementor-social-icon- elementor-repeater-item-c3fc41b\" href=\"https:\/\/www.linkedin.com\/company\/maindanslamain\/posts\/?feedView=all\" target=\"_blank\">\n\t\t\t\t\t\t<span class=\"elementor-screen-only\"><\/span>\n\t\t\t\t\t\t<svg xmlns=\"http:\/\/www.w3.org\/2000\/svg\" width=\"53\" height=\"53\" viewBox=\"0 0 53 53\"><g id=\"Groupe_778\" data-name=\"Groupe 778\" transform=\"translate(-1396 -5052)\"><circle id=\"Ellipse_7\" data-name=\"Ellipse 7\" cx=\"26.5\" cy=\"26.5\" r=\"26.5\" transform=\"translate(1396 5052)\" fill=\"#fff\"><\/circle><path id=\"Icon_awesome-linkedin-in\" data-name=\"Icon awesome-linkedin-in\" d=\"M5.918,26.438H.437V8.787H5.918ZM3.174,6.379a3.189,3.189,0,1,1,3.174-3.2A3.2,3.2,0,0,1,3.174,6.379ZM26.432,26.438H20.962V17.845c0-2.048-.041-4.674-2.85-4.674-2.85,0-3.286,2.225-3.286,4.526v8.74H9.351V8.787h5.257v2.408h.077a5.759,5.759,0,0,1,5.186-2.85c5.547,0,6.567,3.653,6.567,8.4v9.7Z\" transform=\"translate(1410.186 5064.377)\" fill=\"#9e1c1a\"><\/path><\/g><\/svg>\t\t\t\t\t<\/a>\n\t\t\t\t<\/span>\n\t\t\t\t\t\t\t<span class=\"elementor-grid-item\">\n\t\t\t\t\t<a class=\"elementor-icon elementor-social-icon elementor-social-icon- elementor-repeater-item-1e42e42\" href=\"https:\/\/www.facebook.com\/maindanslamainrh\" target=\"_blank\">\n\t\t\t\t\t\t<span class=\"elementor-screen-only\"><\/span>\n\t\t\t\t\t\t<svg xmlns=\"http:\/\/www.w3.org\/2000\/svg\" width=\"53\" height=\"53\" viewBox=\"0 0 53 53\"><g id=\"Groupe_779\" data-name=\"Groupe 779\" transform=\"translate(-1459 -5052)\"><path id=\"Trac&#xE9;_371\" data-name=\"Trac&#xE9; 371\" d=\"M26.5,0A26.5,26.5,0,1,1,0,26.5,26.5,26.5,0,0,1,26.5,0Z\" transform=\"translate(1459 5052)\" fill=\"#fff\"><\/path><path id=\"Icon_awesome-facebook-f\" data-name=\"Icon awesome-facebook-f\" d=\"M14.847,14.878l.735-4.787H10.989V6.985a2.393,2.393,0,0,1,2.7-2.586h2.088V.323A25.463,25.463,0,0,0,12.069,0C8.286,0,5.814,2.293,5.814,6.443v3.648h-4.2v4.787h4.2V26.449h5.175V14.878Z\" transform=\"translate(1476.391 5065)\" fill=\"#9e1c1a\"><\/path><\/g><\/svg>\t\t\t\t\t<\/a>\n\t\t\t\t<\/span>\n\t\t\t\t\t\t\t<span class=\"elementor-grid-item\">\n\t\t\t\t\t<a class=\"elementor-icon elementor-social-icon elementor-social-icon- elementor-repeater-item-3e60f15\" href=\"https:\/\/www.youtube.com\/channel\/UCOWGAaRqNkz6Cm4-I9AjwSQ\" target=\"_blank\">\n\t\t\t\t\t\t<span class=\"elementor-screen-only\"><\/span>\n\t\t\t\t\t\t<svg xmlns=\"http:\/\/www.w3.org\/2000\/svg\" width=\"53\" height=\"53\" viewBox=\"0 0 53 53\"><g id=\"Groupe_780\" data-name=\"Groupe 780\" transform=\"translate(-1522 -5052)\"><path id=\"Trac&#xE9;_372\" data-name=\"Trac&#xE9; 372\" d=\"M26.5,0A26.5,26.5,0,1,1,0,26.5,26.5,26.5,0,0,1,26.5,0Z\" transform=\"translate(1522 5052)\" fill=\"#fff\"><\/path><path id=\"Icon_awesome-youtube\" data-name=\"Icon awesome-youtube\" d=\"M27.382,7.459A3.379,3.379,0,0,0,25,5.066C22.907,4.5,14.5,4.5,14.5,4.5s-8.41,0-10.507.566A3.379,3.379,0,0,0,1.612,7.459a35.45,35.45,0,0,0-.562,6.515,35.45,35.45,0,0,0,.562,6.515A3.329,3.329,0,0,0,3.99,22.844c2.1.566,10.507.566,10.507.566s8.41,0,10.507-.566a3.329,3.329,0,0,0,2.378-2.355,35.45,35.45,0,0,0,.562-6.515,35.45,35.45,0,0,0-.562-6.515ZM11.746,17.973v-8l7.029,4-7.029,4Z\" transform=\"translate(1533.95 5064.5)\" fill=\"#9e1c1a\"><\/path><\/g><\/svg>\t\t\t\t\t<\/a>\n\t\t\t\t<\/span>\n\t\t\t\t\t<\/div>\n\t\t\t\t<\/div>\n\t\t\t\t<\/div>\n\t\t\t\t<\/div>\n\t\t<div class=\"elementor-element elementor-element-62652eb e-con-full e-flex e-con e-child\" data-id=\"62652eb\" data-element_type=\"container\" data-settings=\"{&quot;background_background&quot;:&quot;classic&quot;}\">\n\t\t\t\t<div class=\"elementor-element elementor-element-42ecfc8 elementor-widget elementor-widget-shortcode\" data-id=\"42ecfc8\" data-element_type=\"widget\" data-widget_type=\"shortcode.default\">\n\t\t\t\t<div class=\"elementor-widget-container\">\n\t\t\t\t\t<div class=\"elementor-shortcode\"><div class=\"forminator-ui forminator-custom-form forminator-custom-form-603 forminator-design--default  forminator_ajax\" data-forminator-render=\"0\" data-form=\"forminator-module-603\" data-uid=\"69e775a212bd2\"><br\/><\/div><form\n\t\t\t\tid=\"forminator-module-603\"\n\t\t\t\tclass=\"forminator-ui forminator-custom-form forminator-custom-form-603 forminator-design--default  forminator_ajax\"\n\t\t\t\tmethod=\"post\"\n\t\t\t\tdata-forminator-render=\"0\"\n\t\t\t\tdata-form-id=\"603\"\n\t\t\t\t\n\t\t\t\tdata-design=\"default\"\n\t\t\t\t\n\t\t\t\t\n\t\t\t\t\n\t\t\t\tdata-grid=\"open\"\n\t\t\t\t\n\t\t\t\t\n\t\t\t\tstyle=\"display: none;\"\n\t\t\t\t\n\t\t\t\tdata-uid=\"69e775a212bd2\"\n\t\t\t><div role=\"alert\" aria-live=\"polite\" class=\"forminator-response-message forminator-error\" aria-hidden=\"true\"><\/div><div class=\"forminator-row\"><div id=\"name-1\" class=\"forminator-field-name forminator-col forminator-col-12 \"><div class=\"forminator-row forminator-no-margin\" data-multiple=\"true\"><div class=\"forminator-col forminator-col-md-6\"><div class=\"forminator-field\"><label for=\"forminator-field-first-name-1_69e775a212bd2\" id=\"forminator-field-first-name-1_69e775a212bd2-label\" class=\"forminator-label\">Pr\u00e9nom <span class=\"forminator-required\">*<\/span><\/label><input type=\"text\" name=\"name-1-first-name\" placeholder=\"E.g. Jean\" id=\"forminator-field-first-name-1_69e775a212bd2\" class=\"forminator-input\" aria-required=\"true\" data-multi=\"1\" value=\"\" aria-describedby=\"forminator-field-first-name-1_69e775a212bd2-description\" \/><span id=\"forminator-field-first-name-1_69e775a212bd2-description\" class=\"forminator-description\">Votre pr\u00e9nom<\/span><\/div><\/div><div class=\"forminator-col forminator-col-md-6\"><div class=\"forminator-field\"><label for=\"forminator-field-last-name-1_69e775a212bd2\" id=\"forminator-field-last-name-1_69e775a212bd2-label\" class=\"forminator-label\">Nom <span class=\"forminator-required\">*<\/span><\/label><input type=\"text\" name=\"name-1-last-name\" placeholder=\"E.g. Doe\" id=\"forminator-field-last-name-1_69e775a212bd2\" class=\"forminator-input\" aria-required=\"true\" data-multi=\"1\" value=\"\" aria-describedby=\"forminator-field-last-name-1_69e775a212bd2-description\" \/><span id=\"forminator-field-last-name-1_69e775a212bd2-description\" class=\"forminator-description\">Votre nom<\/span><\/div><\/div><\/div><\/div><\/div><div class=\"forminator-row\"><div id=\"email-1\" class=\"forminator-field-email forminator-col forminator-col-12 \"><div class=\"forminator-field\"><label for=\"forminator-field-email-1_69e775a212bd2\" id=\"forminator-field-email-1_69e775a212bd2-label\" class=\"forminator-label\">Votre courriel professionnel <span class=\"forminator-required\">*<\/span><\/label><input type=\"email\" name=\"email-1\" value=\"\" placeholder=\"E.g. john@doe.com\" id=\"forminator-field-email-1_69e775a212bd2\" class=\"forminator-input forminator-email--field\" data-required=\"true\" aria-required=\"true\" \/><\/div><\/div><\/div><div class=\"forminator-row\"><div id=\"textarea-1\" class=\"forminator-field-textarea forminator-col forminator-col-12 \"><div class=\"forminator-field\"><label for=\"forminator-field-textarea-1_69e775a212bd2\" id=\"forminator-field-textarea-1_69e775a212bd2-label\" class=\"forminator-label\">Message <span class=\"forminator-required\">*<\/span><\/label><textarea name=\"textarea-1\" placeholder=\"\" id=\"forminator-field-textarea-1_69e775a212bd2\" class=\"forminator-textarea\" rows=\"6\" style=\"min-height:140px;\" maxlength=\"180\" ><\/textarea><span id=\"forminator-field-textarea-1_69e775a212bd2-description\" class=\"forminator-description\"><span data-limit=\"180\" data-type=\"characters\" data-editor=\"\">0 \/ 180<\/span><\/span><\/div><\/div><\/div><input type=\"hidden\" name=\"referer_url\" value=\"\" \/><div class=\"forminator-row forminator-row-last\"><div class=\"forminator-col\"><div class=\"forminator-field\"><button class=\"forminator-button forminator-button-submit\">Envoyer<\/button><\/div><\/div><\/div><input type=\"hidden\" id=\"forminator_nonce\" name=\"forminator_nonce\" value=\"93c0749d5c\" \/><input type=\"hidden\" name=\"_wp_http_referer\" value=\"\/index.php?rest_route=%2Fwp%2Fv2%2Fpages%2F108\" \/><input type=\"hidden\" name=\"form_id\" value=\"603\"><input type=\"hidden\" name=\"page_id\" value=\"108\"><input type=\"hidden\" name=\"form_type\" value=\"default\"><input type=\"hidden\" name=\"current_url\" value=\"https:\/\/maindanslamain.co\/?page_id=108\"><input type=\"hidden\" name=\"render_id\" value=\"0\"><input type=\"hidden\" name=\"action\" value=\"forminator_submit_form_custom-forms\"><label for=\"input_4\" class=\"forminator-hidden\" aria-hidden=\"true\">Please do not fill in this field. <input id=\"input_4\" type=\"text\" name=\"input_4\" value=\"\" autocomplete=\"off\"><\/label><\/form><\/div>\n\t\t\t\t<\/div>\n\t\t\t\t<\/div>\n\t\t\t\t<\/div>\n\t\t\t\t\t<\/div>\n\t\t\t\t<\/div>\n\t\t<div class=\"elementor-element elementor-element-3750919 e-con-full e-flex e-con e-parent\" data-id=\"3750919\" data-element_type=\"container\" data-settings=\"{&quot;background_background&quot;:&quot;classic&quot;}\">\n\t\t\t\t<\/div>\n\t\t\t\t<\/div>\n\t\t","protected":false},"excerpt":{"rendered":"<p>Discutons ensemble ! Nous avons h\u00e2te de transformer vos id\u00e9es en actions et d&#8217;injecter un nouveau souffle \u00e0 vos projets. [&hellip;]<\/p>\n","protected":false},"author":3,"featured_media":0,"parent":0,"menu_order":0,"comment_status":"closed","ping_status":"closed","template":"","meta":{"content-type":"","site-sidebar-layout":"no-sidebar","site-content-layout":"","ast-site-content-layout":"full-width-container","site-content-style":"default","site-sidebar-style":"default","ast-global-header-display":"","ast-banner-title-visibility":"","ast-main-header-display":"","ast-hfb-above-header-display":"","ast-hfb-below-header-display":"","ast-hfb-mobile-header-display":"","site-post-title":"disabled","ast-breadcrumbs-content":"","ast-featured-img":"disabled","footer-sml-layout":"","theme-transparent-header-meta":"","adv-header-id-meta":"","stick-header-meta":"","header-above-stick-meta":"","header-main-stick-meta":"","header-below-stick-meta":"","astra-migrate-meta-layouts":"default","ast-page-background-enabled":"default","ast-page-background-meta":{"desktop":{"background-color":"var(--ast-global-color-4)","background-image":"","background-repeat":"repeat","background-position":"center center","background-size":"auto","background-attachment":"scroll","background-type":"","background-media":"","overlay-type":"","overlay-color":"","overlay-opacity":"","overlay-gradient":""},"tablet":{"background-color":"","background-image":"","background-repeat":"repeat","background-position":"center center","background-size":"auto","background-attachment":"scroll","background-type":"","background-media":"","overlay-type":"","overlay-color":"","overlay-opacity":"","overlay-gradient":""},"mobile":{"background-color":"","background-image":"","background-repeat":"repeat","background-position":"center center","background-size":"auto","background-attachment":"scroll","background-type":"","background-media":"","overlay-type":"","overlay-color":"","overlay-opacity":"","overlay-gradient":""}},"ast-content-background-meta":{"desktop":{"background-color":"var(--ast-global-color-5)","background-image":"","background-repeat":"repeat","background-position":"center center","background-size":"auto","background-attachment":"scroll","background-type":"","background-media":"","overlay-type":"","overlay-color":"","overlay-opacity":"","overlay-gradient":""},"tablet":{"background-color":"var(--ast-global-color-5)","background-image":"","background-repeat":"repeat","background-position":"center center","background-size":"auto","background-attachment":"scroll","background-type":"","background-media":"","overlay-type":"","overlay-color":"","overlay-opacity":"","overlay-gradient":""},"mobile":{"background-color":"var(--ast-global-color-5)","background-image":"","background-repeat":"repeat","background-position":"center center","background-size":"auto","background-attachment":"scroll","background-type":"","background-media":"","overlay-type":"","overlay-color":"","overlay-opacity":"","overlay-gradient":""}},"footnotes":""},"class_list":["post-108","page","type-page","status-publish","hentry"],"_links":{"self":[{"href":"https:\/\/maindanslamain.co\/index.php?rest_route=\/wp\/v2\/pages\/108"}],"collection":[{"href":"https:\/\/maindanslamain.co\/index.php?rest_route=\/wp\/v2\/pages"}],"about":[{"href":"https:\/\/maindanslamain.co\/index.php?rest_route=\/wp\/v2\/types\/page"}],"author":[{"embeddable":true,"href":"https:\/\/maindanslamain.co\/index.php?rest_route=\/wp\/v2\/users\/3"}],"replies":[{"embeddable":true,"href":"https:\/\/maindanslamain.co\/index.php?rest_route=%2Fwp%2Fv2%2Fcomments&post=108"}],"version-history":[{"count":73,"href":"https:\/\/maindanslamain.co\/index.php?rest_route=\/wp\/v2\/pages\/108\/revisions"}],"predecessor-version":[{"id":2883,"href":"https:\/\/maindanslamain.co\/index.php?rest_route=\/wp\/v2\/pages\/108\/revisions\/2883"}],"wp:attachment":[{"href":"https:\/\/maindanslamain.co\/index.php?rest_route=%2Fwp%2Fv2%2Fmedia&parent=108"}],"curies":[{"name":"wp","href":"https:\/\/api.w.org\/{rel}","templated":true}]}}